{"id":153,"date":"2025-05-18T17:17:37","date_gmt":"2025-05-18T15:17:37","guid":{"rendered":"https:\/\/www.klubsermusnina.sk\/klub\/?page_id=153"},"modified":"2025-12-26T14:10:54","modified_gmt":"2025-12-26T13:10:54","slug":"kalendare","status":"publish","type":"page","link":"https:\/\/www.klubsermusnina.sk\/klub\/kalendare\/","title":{"rendered":"Kalend\u00e1re a turnaje"},"content":{"rendered":"\n<div class=\"wp-block-group has-global-padding is-layout-constrained wp-block-group-is-layout-constrained\"><\/div>\n\n\n\n<div class=\"wp-block-buttons alignwide is-content-justification-center is-layout-flex wp-container-core-buttons-is-layout-a89b3969 wp-block-buttons-is-layout-flex\">\n<div class=\"wp-block-button\"><a class=\"wp-block-button__link wp-element-button\" href=\"https:\/\/www.klubsermusnina.sk\/klub\/wp-content\/uploads\/2025\/12\/Pozvanka-Cena-Sniny-2026-v-SK-a.pdf\">Cena Sniny<\/a><\/div>\n\n\n\n<div class=\"wp-block-button\"><a class=\"wp-block-button__link wp-element-button\" href=\"https:\/\/www.klubsermusnina.sk\/klub\/wp-content\/uploads\/2025\/12\/Prix-de-Snina-2026-v-eng.pdf\">Prix de Snina<\/a><\/div>\n\n\n\n<div class=\"wp-block-button\"><a class=\"wp-block-button__link wp-element-button\" href=\"https:\/\/www.klubsermusnina.sk\/klub\/wp-content\/uploads\/2025\/12\/Kalendar-Snina-2025-2026-k-1.12.2025.pdf\" target=\"_blank\" rel=\"noreferrer noopener\">Kalend\u00e1r s\u00fa\u0165a\u017e\u00ed Snina<\/a><\/div>\n\n\n\n<div class=\"wp-block-button\"><a class=\"wp-block-button__link wp-element-button\" href=\"https:\/\/www.klubsermusnina.sk\/klub\/wp-content\/uploads\/2025\/04\/kalend1.pdf\">Kalend\u00e1r s\u00fa\u0165a\u017e\u00ed S\u0160Z<\/a><\/div>\n<\/div>\n\n\n\n<div class=\"wp-block-group is-nowrap is-layout-flex wp-container-core-group-is-layout-6c531013 wp-block-group-is-layout-flex\">\n<div data-wp-interactive=\"core\/file\" class=\"wp-block-file\"><object data-wp-bind--hidden=\"!state.hasPdfPreview\" hidden class=\"wp-block-file__embed\" data=\"https:\/\/www.klubsermusnina.sk\/klub\/wp-content\/uploads\/2025\/12\/Pozvanka-Cena-Sniny-2026-v-SK-a.pdf\" type=\"application\/pdf\" style=\"width:100%;height:200px\" aria-label=\"Vlo\u017ei\u0165 Pozvanka Cena Sniny 2026 v SK a.\"><\/object><a id=\"wp-block-file--media-41bf1f35-476d-41d9-94da-4c4ffb4fb60a\" href=\"https:\/\/www.klubsermusnina.sk\/klub\/wp-content\/uploads\/2025\/12\/Pozvanka-Cena-Sniny-2026-v-SK-a.pdf\">Pozvanka Cena Sniny 2026 v SK a<\/a><a href=\"https:\/\/www.klubsermusnina.sk\/klub\/wp-content\/uploads\/2025\/12\/Pozvanka-Cena-Sniny-2026-v-SK-a.pdf\" class=\"wp-block-file__button wp-element-button\" download aria-describedby=\"wp-block-file--media-41bf1f35-476d-41d9-94da-4c4ffb4fb60a\">Stiahnu\u0165<\/a><\/div>\n\n\n\n<div data-wp-interactive=\"core\/file\" class=\"wp-block-file\"><object data-wp-bind--hidden=\"!state.hasPdfPreview\" hidden class=\"wp-block-file__embed\" data=\"https:\/\/www.klubsermusnina.sk\/klub\/wp-content\/uploads\/2025\/12\/Prix-de-Snina-2026-v-eng.pdf\" type=\"application\/pdf\" style=\"width:100%;height:200px\" aria-label=\"Vlo\u017ei\u0165 Prix de Snina 2026 v eng..\"><\/object><a id=\"wp-block-file--media-1ee762cf-c3e9-444f-bba7-fb80d3dc0a3d\" href=\"https:\/\/www.klubsermusnina.sk\/klub\/wp-content\/uploads\/2025\/12\/Prix-de-Snina-2026-v-eng.pdf\">Prix de Snina 2026 v eng.<\/a><a href=\"https:\/\/www.klubsermusnina.sk\/klub\/wp-content\/uploads\/2025\/12\/Prix-de-Snina-2026-v-eng.pdf\" class=\"wp-block-file__button wp-element-button\" download aria-describedby=\"wp-block-file--media-1ee762cf-c3e9-444f-bba7-fb80d3dc0a3d\">Stiahnu\u0165<\/a><\/div>\n\n\n\n<div data-wp-interactive=\"core\/file\" class=\"wp-block-file\"><object data-wp-bind--hidden=\"!state.hasPdfPreview\" hidden class=\"wp-block-file__embed\" data=\"https:\/\/www.klubsermusnina.sk\/klub\/wp-content\/uploads\/2025\/12\/Kalendar-Snina-2025-2026-k-1.12.2025.pdf\" type=\"application\/pdf\" style=\"width:100%;height:200px\" aria-label=\"Vlo\u017ei\u0165 Kalendar Snina 2025-2026 k 1.12.2025.\"><\/object><a id=\"wp-block-file--media-fde9fde7-f011-4d2f-a844-a76eb49ebbab\" href=\"https:\/\/www.klubsermusnina.sk\/klub\/wp-content\/uploads\/2025\/12\/Kalendar-Snina-2025-2026-k-1.12.2025.pdf\">Kalendar Snina 2025-2026 k 1.12.2025<\/a><a href=\"https:\/\/www.klubsermusnina.sk\/klub\/wp-content\/uploads\/2025\/12\/Kalendar-Snina-2025-2026-k-1.12.2025.pdf\" class=\"wp-block-file__button wp-element-button\" download aria-describedby=\"wp-block-file--media-fde9fde7-f011-4d2f-a844-a76eb49ebbab\">Stiahnu\u0165<\/a><\/div>\n\n\n\n<div data-wp-interactive=\"core\/file\" class=\"wp-block-file\"><object data-wp-bind--hidden=\"!state.hasPdfPreview\" hidden class=\"wp-block-file__embed\" data=\"https:\/\/www.klubsermusnina.sk\/klub\/wp-content\/uploads\/2025\/04\/kalend1.pdf\" type=\"application\/pdf\" style=\"width:100%;height:200px\" aria-label=\"Vlo\u017ei\u0165 kalend\u00e1r S\u0160Z.\"><\/object><a id=\"wp-block-file--media-6849ef07-deb6-4a4c-88b5-2fe559b4dc62\" href=\"https:\/\/www.klubsermusnina.sk\/klub\/wp-content\/uploads\/2025\/04\/kalend1.pdf\">kalend\u00e1r S\u0160Z<\/a><a href=\"https:\/\/www.klubsermusnina.sk\/klub\/wp-content\/uploads\/2025\/04\/kalend1.pdf\" class=\"wp-block-file__button wp-element-button\" download aria-describedby=\"wp-block-file--media-6849ef07-deb6-4a4c-88b5-2fe559b4dc62\">Stiahnu\u0165<\/a><\/div>\n<\/div>\n\n\n\n<div class=\"wp-block-buttons is-layout-flex wp-block-buttons-is-layout-flex\"><\/div>\n\n\n\n<p><\/p>\n","protected":false},"excerpt":{"rendered":"","protected":false},"author":1,"featured_media":0,"parent":0,"menu_order":0,"comment_status":"closed","ping_status":"closed","template":"","meta":{"_EventAllDay":false,"_EventTimezone":"","_EventStartDate":"","_EventEndDate":"","_EventStartDateUTC":"","_EventEndDateUTC":"","_EventShowMap":false,"_EventShowMapLink":false,"_EventURL":"","_EventCost":"","_EventCostDescription":"","_EventCurrencySymbol":"","_EventCurrencyCode":"","_EventCurrencyPosition":"","_EventDateTimeSeparator":"","_EventTimeRangeSeparator":"","_EventOrganizerID":[],"_EventVenueID":[],"_OrganizerEmail":"","_OrganizerPhone":"","_OrganizerWebsite":"","_VenueAddress":"","_VenueCity":"","_VenueCountry":"","_VenueProvince":"","_VenueState":"","_VenueZip":"","_VenuePhone":"","_VenueURL":"","_VenueStateProvince":"","_VenueLat":"","_VenueLng":"","_VenueShowMap":false,"_VenueShowMapLink":false,"footnotes":""},"class_list":["post-153","page","type-page","status-publish","hentry"],"aioseo_notices":[],"_links":{"self":[{"href":"https:\/\/www.klubsermusnina.sk\/klub\/wp-json\/wp\/v2\/pages\/153","targetHints":{"allow":["GET"]}}],"collection":[{"href":"https:\/\/www.klubsermusnina.sk\/klub\/wp-json\/wp\/v2\/pages"}],"about":[{"href":"https:\/\/www.klubsermusnina.sk\/klub\/wp-json\/wp\/v2\/types\/page"}],"author":[{"embeddable":true,"href":"https:\/\/www.klubsermusnina.sk\/klub\/wp-json\/wp\/v2\/users\/1"}],"replies":[{"embeddable":true,"href":"https:\/\/www.klubsermusnina.sk\/klub\/wp-json\/wp\/v2\/comments?post=153"}],"version-history":[{"count":10,"href":"https:\/\/www.klubsermusnina.sk\/klub\/wp-json\/wp\/v2\/pages\/153\/revisions"}],"predecessor-version":[{"id":307,"href":"https:\/\/www.klubsermusnina.sk\/klub\/wp-json\/wp\/v2\/pages\/153\/revisions\/307"}],"wp:attachment":[{"href":"https:\/\/www.klubsermusnina.sk\/klub\/wp-json\/wp\/v2\/media?parent=153"}],"curies":[{"name":"wp","href":"https:\/\/api.w.org\/{rel}","templated":true}]}}